{"id":161,"date":"2025-03-25T11:52:42","date_gmt":"2025-03-25T11:52:42","guid":{"rendered":"https:\/\/luxfloralis.com\/?post_type=product&#038;p=161"},"modified":"2025-07-29T10:33:01","modified_gmt":"2025-07-29T10:33:01","slug":"bouquet-de-bougies-lavande-bonheur","status":"publish","type":"product","link":"https:\/\/luxfloralis.com\/fr\/product\/lavender-bliss-candle-bouquet\/","title":{"rendered":"Bouquet de bougies Lavande F\u00e9licit\u00e9"},"content":{"rendered":"<p data-start=\"251\" data-end=\"544\">Composition florale de bougies parfum\u00e9es artisanales<\/p>\n<p class=\"\" data-start=\"251\" data-end=\"544\">Ce \u00e9l\u00e9gant bouquet de bougies Lavande F\u00e9licit\u00e9 est bien plus qu\u2019un simple accent d\u00e9coratif \u2014 c\u2019est une c\u00e9l\u00e9bration d\u2019un mode de vie conscient et respectueux de l\u2019environnement. Habilement fabriqu\u00e9e \u00e0 la main \u00e0 partir de cire de soja naturelle de qualit\u00e9 sup\u00e9rieure et d\u2019ingr\u00e9dients d\u2019origine v\u00e9g\u00e9tale, cette superbe composition apporte \u00e0 votre int\u00e9rieur \u00e0 la fois beaut\u00e9 et durabilit\u00e9.<\/p>\n<p class=\"\" data-start=\"546\" data-end=\"826\">Chaque fleur-bougie est infus\u00e9e d\u2019un d\u00e9licat parfum oriental-bois\u00e9. Le voyage olfactif commence par des notes de t\u00eate lumineuses de bergamote, de cardamome et de poivre, se d\u00e9ploie dans un c\u0153ur chaleureux de patchouli, de vanille et de benjoin, et se prolonge avec une base riche de v\u00e9tiver, de f\u00e8ve tonka et de musc.<\/p>\n<p class=\"\" data-start=\"828\" data-end=\"998\">Parfait comme cadeau ou centre de table unique, le bouquet comprend cinq mini bougies parfum\u00e9es, soigneusement dispos\u00e9es et emball\u00e9es avec attention pour arriver en parfait \u00e9tat.<\/p>\n<p class=\"\" data-start=\"1000\" data-end=\"1029\"><strong data-start=\"1000\" data-end=\"1027\">Dimensions approximatives:<\/strong><\/p>\n<ul data-start=\"1030\" data-end=\"1125\">\n<li class=\"\" data-start=\"1030\" data-end=\"1058\">\n<p class=\"\" data-start=\"1032\" data-end=\"1058\">Hauteur du bouquet: 12\u201315 cm<\/p>\n<\/li>\n<li class=\"\" data-start=\"1059\" data-end=\"1086\">\n<p class=\"\" data-start=\"1061\" data-end=\"1086\">Diam\u00e8tre du bouquet: 12 cm<\/p>\n<\/li>\n<li class=\"\" data-start=\"1087\" data-end=\"1125\">\n<p class=\"\" data-start=\"1089\" data-end=\"1125\">Diam\u00e8tre individuel des fleurs: 3\u20135 cm<\/p>\n<\/li>\n<\/ul>","protected":false},"excerpt":{"rendered":"<ul>\n<li>\ud83c\udf31 100% <b>\u00c0 base de plantes<\/b> Ingr\u00e9dients naturels<\/li>\n<li>\ud83d\udcaf Fait main<\/li>\n<li>\ud83d\udd25 Combustion propre<\/li>\n<li>\u2600\ufe0f Non toxique et adapt\u00e9 aux v\u00e9ganes<\/li>\n<li>\ud83d\udd6f\ufe0f Design unique<\/li>\n<\/ul>","protected":false},"featured_media":282,"comment_status":"open","ping_status":"closed","template":"","meta":{"site-sidebar-layout":"default","site-content-layout":"","ast-site-content-layout":"default","site-content-style":"default","site-sidebar-style":"default","ast-global-header-display":"","ast-banner-title-visibility":"","ast-main-header-display":"","ast-hfb-above-header-display":"","ast-hfb-below-header-display":"","ast-hfb-mobile-header-display":"","site-post-title":"","ast-breadcrumbs-content":"","ast-featured-img":"","footer-sml-layout":"","ast-disable-related-posts":"","theme-transparent-header-meta":"default","adv-header-id-meta":"","stick-header-meta":"","header-above-stick-meta":"","header-main-stick-meta":"","header-below-stick-meta":"","astra-migrate-meta-layouts":"set","ast-page-background-enabled":"default","ast-page-background-meta":{"desktop":{"background-color":"var(--ast-global-color-5)","background-image":"","background-repeat":"repeat","background-position":"center center","background-size":"auto","background-attachment":"scroll","background-type":"","background-media":"","overlay-type":"","overlay-color":"","overlay-opacity":"","overlay-gradient":""},"tablet":{"background-color":"","background-image":"","background-repeat":"repeat","background-position":"center center","background-size":"auto","background-attachment":"scroll","background-type":"","background-media":"","overlay-type":"","overlay-color":"","overlay-opacity":"","overlay-gradient":""},"mobile":{"background-color":"","background-image":"","background-repeat":"repeat","background-position":"center center","background-size":"auto","background-attachment":"scroll","background-type":"","background-media":"","overlay-type":"","overlay-color":"","overlay-opacity":"","overlay-gradient":""}},"ast-content-background-meta":{"desktop":{"background-color":"var(--ast-global-color-4)","background-image":"","background-repeat":"repeat","background-position":"center center","background-size":"auto","background-attachment":"scroll","background-type":"","background-media":"","overlay-type":"","overlay-color":"","overlay-opacity":"","overlay-gradient":""},"tablet":{"background-color":"var(--ast-global-color-4)","background-image":"","background-repeat":"repeat","background-position":"center center","background-size":"auto","background-attachment":"scroll","background-type":"","background-media":"","overlay-type":"","overlay-color":"","overlay-opacity":"","overlay-gradient":""},"mobile":{"background-color":"var(--ast-global-color-4)","background-image":"","background-repeat":"repeat","background-position":"center center","background-size":"auto","background-attachment":"scroll","background-type":"","background-media":"","overlay-type":"","overlay-color":"","overlay-opacity":"","overlay-gradient":""}}},"product_brand":[],"product_cat":[16],"product_tag":[],"class_list":{"0":"post-161","1":"product","2":"type-product","3":"status-publish","4":"has-post-thumbnail","6":"product_cat-bouquets","7":"desktop-align-center","8":"tablet-align-left","9":"mobile-align-left","11":"first","12":"instock","13":"taxable","14":"shipping-taxable","15":"purchasable","16":"product-type-simple"},"yoast_head":"<!-- This site is optimized with the Yoast SEO plugin v27.1.1 - https:\/\/yoast.com\/product\/yoast-seo-wordpress\/ -->\n<title>Soy Wax Candle Bouquet \u2013 Heart &amp; Floral Design by LuxFloralis<\/title>\n<meta name=\"description\" content=\"Elegant handmade candle bouquet with heart-shaped and floral soy wax candles. Perfect as a gift or home d\u00e9cor. Made from 100% natural soy wax.\" \/>\n<meta name=\"robots\" content=\"index, follow, max-snippet:-1, max-image-preview:large, max-video-preview:-1\" \/>\n<link rel=\"canonical\" href=\"https:\/\/luxfloralis.com\/fr\/produit\/bouquet-de-bougies-lavande-bonheur\/\" \/>\n<meta property=\"og:locale\" content=\"fr_FR\" \/>\n<meta property=\"og:type\" content=\"article\" \/>\n<meta property=\"og:title\" content=\"Soy Wax Candle Bouquet \u2013 Heart &amp; Floral Design by LuxFloralis\" \/>\n<meta property=\"og:description\" content=\"Elegant handmade candle bouquet with heart-shaped and floral soy wax candles. Perfect as a gift or home d\u00e9cor. Made from 100% natural soy wax.\" \/>\n<meta property=\"og:url\" content=\"https:\/\/luxfloralis.com\/fr\/produit\/bouquet-de-bougies-lavande-bonheur\/\" \/>\n<meta property=\"article:modified_time\" content=\"2025-07-29T10:33:01+00:00\" \/>\n<meta property=\"og:image\" content=\"https:\/\/luxfloralis.com\/wp-content\/uploads\/2025\/04\/mini-soy-candles-.png\" \/>\n\t<meta property=\"og:image:width\" content=\"800\" \/>\n\t<meta property=\"og:image:height\" content=\"800\" \/>\n\t<meta property=\"og:image:type\" content=\"image\/png\" \/>\n<meta name=\"twitter:card\" content=\"summary_large_image\" \/>\n<meta name=\"twitter:label1\" content=\"Dur\u00e9e de lecture estim\u00e9e\" \/>\n\t<meta name=\"twitter:data1\" content=\"1 minute\" \/>\n<script type=\"application\/ld+json\" class=\"yoast-schema-graph\">{\"@context\":\"https:\/\/schema.org\",\"@graph\":[{\"@type\":\"WebPage\",\"@id\":\"https:\/\/luxfloralis.com\/product\/lavender-bliss-candle-bouquet\/\",\"url\":\"https:\/\/luxfloralis.com\/product\/lavender-bliss-candle-bouquet\/\",\"name\":\"Soy Wax Candle Bouquet \u2013 Heart & Floral Design by LuxFloralis\",\"isPartOf\":{\"@id\":\"https:\/\/luxfloralis.com\/#website\"},\"primaryImageOfPage\":{\"@id\":\"https:\/\/luxfloralis.com\/product\/lavender-bliss-candle-bouquet\/#primaryimage\"},\"image\":{\"@id\":\"https:\/\/luxfloralis.com\/product\/lavender-bliss-candle-bouquet\/#primaryimage\"},\"thumbnailUrl\":\"https:\/\/luxfloralis.com\/wp-content\/uploads\/2025\/04\/mini-soy-candles-.png\",\"datePublished\":\"2025-03-25T11:52:42+00:00\",\"dateModified\":\"2025-07-29T10:33:01+00:00\",\"description\":\"Elegant handmade candle bouquet with heart-shaped and floral soy wax candles. Perfect as a gift or home d\u00e9cor. Made from 100% natural soy wax.\",\"breadcrumb\":{\"@id\":\"https:\/\/luxfloralis.com\/product\/lavender-bliss-candle-bouquet\/#breadcrumb\"},\"inLanguage\":\"fr-FR\",\"potentialAction\":[{\"@type\":\"ReadAction\",\"target\":[\"https:\/\/luxfloralis.com\/product\/lavender-bliss-candle-bouquet\/\"]}]},{\"@type\":\"ImageObject\",\"inLanguage\":\"fr-FR\",\"@id\":\"https:\/\/luxfloralis.com\/product\/lavender-bliss-candle-bouquet\/#primaryimage\",\"url\":\"https:\/\/luxfloralis.com\/wp-content\/uploads\/2025\/04\/mini-soy-candles-.png\",\"contentUrl\":\"https:\/\/luxfloralis.com\/wp-content\/uploads\/2025\/04\/mini-soy-candles-.png\",\"width\":800,\"height\":800,\"caption\":\"white and purple soy candles\"},{\"@type\":\"BreadcrumbList\",\"@id\":\"https:\/\/luxfloralis.com\/product\/lavender-bliss-candle-bouquet\/#breadcrumb\",\"itemListElement\":[{\"@type\":\"ListItem\",\"position\":1,\"name\":\"Home\",\"item\":\"https:\/\/luxfloralis.com\/\"},{\"@type\":\"ListItem\",\"position\":2,\"name\":\"Shop\",\"item\":\"https:\/\/luxfloralis.com\/shop-handmade-candles\/\"},{\"@type\":\"ListItem\",\"position\":3,\"name\":\"Lavender Bliss Candle Bouquet\"}]},{\"@type\":\"WebSite\",\"@id\":\"https:\/\/luxfloralis.com\/#website\",\"url\":\"https:\/\/luxfloralis.com\/\",\"name\":\"\",\"description\":\"\",\"potentialAction\":[{\"@type\":\"SearchAction\",\"target\":{\"@type\":\"EntryPoint\",\"urlTemplate\":\"https:\/\/luxfloralis.com\/?s={search_term_string}\"},\"query-input\":{\"@type\":\"PropertyValueSpecification\",\"valueRequired\":true,\"valueName\":\"search_term_string\"}}],\"inLanguage\":\"fr-FR\"}]}<\/script>\n<!-- \/ Yoast SEO plugin. -->","yoast_head_json":{"title":"Soy Wax Candle Bouquet \u2013 Heart & Floral Design by LuxFloralis","description":"Elegant handmade candle bouquet with heart-shaped and floral soy wax candles. Perfect as a gift or home d\u00e9cor. Made from 100% natural soy wax.","robots":{"index":"index","follow":"follow","max-snippet":"max-snippet:-1","max-image-preview":"max-image-preview:large","max-video-preview":"max-video-preview:-1"},"canonical":"https:\/\/luxfloralis.com\/fr\/produit\/bouquet-de-bougies-lavande-bonheur\/","og_locale":"fr_FR","og_type":"article","og_title":"Soy Wax Candle Bouquet \u2013 Heart & Floral Design by LuxFloralis","og_description":"Elegant handmade candle bouquet with heart-shaped and floral soy wax candles. Perfect as a gift or home d\u00e9cor. Made from 100% natural soy wax.","og_url":"https:\/\/luxfloralis.com\/fr\/produit\/bouquet-de-bougies-lavande-bonheur\/","article_modified_time":"2025-07-29T10:33:01+00:00","og_image":[{"width":800,"height":800,"url":"https:\/\/luxfloralis.com\/wp-content\/uploads\/2025\/04\/mini-soy-candles-.png","type":"image\/png"}],"twitter_card":"summary_large_image","twitter_misc":{"Dur\u00e9e de lecture estim\u00e9e":"1 minute"},"schema":{"@context":"https:\/\/schema.org","@graph":[{"@type":"WebPage","@id":"https:\/\/luxfloralis.com\/product\/lavender-bliss-candle-bouquet\/","url":"https:\/\/luxfloralis.com\/product\/lavender-bliss-candle-bouquet\/","name":"Soy Wax Candle Bouquet \u2013 Heart & Floral Design by LuxFloralis","isPartOf":{"@id":"https:\/\/luxfloralis.com\/#website"},"primaryImageOfPage":{"@id":"https:\/\/luxfloralis.com\/product\/lavender-bliss-candle-bouquet\/#primaryimage"},"image":{"@id":"https:\/\/luxfloralis.com\/product\/lavender-bliss-candle-bouquet\/#primaryimage"},"thumbnailUrl":"https:\/\/luxfloralis.com\/wp-content\/uploads\/2025\/04\/mini-soy-candles-.png","datePublished":"2025-03-25T11:52:42+00:00","dateModified":"2025-07-29T10:33:01+00:00","description":"Elegant handmade candle bouquet with heart-shaped and floral soy wax candles. Perfect as a gift or home d\u00e9cor. Made from 100% natural soy wax.","breadcrumb":{"@id":"https:\/\/luxfloralis.com\/product\/lavender-bliss-candle-bouquet\/#breadcrumb"},"inLanguage":"fr-FR","potentialAction":[{"@type":"ReadAction","target":["https:\/\/luxfloralis.com\/product\/lavender-bliss-candle-bouquet\/"]}]},{"@type":"ImageObject","inLanguage":"fr-FR","@id":"https:\/\/luxfloralis.com\/product\/lavender-bliss-candle-bouquet\/#primaryimage","url":"https:\/\/luxfloralis.com\/wp-content\/uploads\/2025\/04\/mini-soy-candles-.png","contentUrl":"https:\/\/luxfloralis.com\/wp-content\/uploads\/2025\/04\/mini-soy-candles-.png","width":800,"height":800,"caption":"white and purple soy candles"},{"@type":"BreadcrumbList","@id":"https:\/\/luxfloralis.com\/product\/lavender-bliss-candle-bouquet\/#breadcrumb","itemListElement":[{"@type":"ListItem","position":1,"name":"Home","item":"https:\/\/luxfloralis.com\/"},{"@type":"ListItem","position":2,"name":"Shop","item":"https:\/\/luxfloralis.com\/shop-handmade-candles\/"},{"@type":"ListItem","position":3,"name":"Lavender Bliss Candle Bouquet"}]},{"@type":"WebSite","@id":"https:\/\/luxfloralis.com\/#website","url":"https:\/\/luxfloralis.com\/","name":"","description":"","potentialAction":[{"@type":"SearchAction","target":{"@type":"EntryPoint","urlTemplate":"https:\/\/luxfloralis.com\/?s={search_term_string}"},"query-input":{"@type":"PropertyValueSpecification","valueRequired":true,"valueName":"search_term_string"}}],"inLanguage":"fr-FR"}]}},"_links":{"self":[{"href":"https:\/\/luxfloralis.com\/fr\/wp-json\/wp\/v2\/product\/161","targetHints":{"allow":["GET"]}}],"collection":[{"href":"https:\/\/luxfloralis.com\/fr\/wp-json\/wp\/v2\/product"}],"about":[{"href":"https:\/\/luxfloralis.com\/fr\/wp-json\/wp\/v2\/types\/product"}],"replies":[{"embeddable":true,"href":"https:\/\/luxfloralis.com\/fr\/wp-json\/wp\/v2\/comments?post=161"}],"wp:featuredmedia":[{"embeddable":true,"href":"https:\/\/luxfloralis.com\/fr\/wp-json\/wp\/v2\/media\/282"}],"wp:attachment":[{"href":"https:\/\/luxfloralis.com\/fr\/wp-json\/wp\/v2\/media?parent=161"}],"wp:term":[{"taxonomy":"product_brand","embeddable":true,"href":"https:\/\/luxfloralis.com\/fr\/wp-json\/wp\/v2\/product_brand?post=161"},{"taxonomy":"product_cat","embeddable":true,"href":"https:\/\/luxfloralis.com\/fr\/wp-json\/wp\/v2\/product_cat?post=161"},{"taxonomy":"product_tag","embeddable":true,"href":"https:\/\/luxfloralis.com\/fr\/wp-json\/wp\/v2\/product_tag?post=161"}],"curies":[{"name":"wp","href":"https:\/\/api.w.org\/{rel}","templated":true}]}}