{"id":162,"date":"2025-03-25T11:54:14","date_gmt":"2025-03-25T11:54:14","guid":{"rendered":"https:\/\/luxfloralis.com\/?post_type=product&#038;p=162"},"modified":"2025-07-29T10:44:49","modified_gmt":"2025-07-29T10:44:49","slug":"bouquet-de-fleurs-bougie-violette","status":"publish","type":"product","link":"https:\/\/luxfloralis.com\/fr\/product\/candle-flower-box-velvet-heart\/","title":{"rendered":"Bo\u00eete de bougies fleuries C\u0153ur en Velours"},"content":{"rendered":"<p class=\"\" data-start=\"114\" data-end=\"385\"><strong data-start=\"114\" data-end=\"383\">Ce mini bouquet de bougies sophistiqu\u00e9 est bien plus qu\u2019un simple objet d\u00e9coratif \u2014 c\u2019est une c\u00e9l\u00e9bration d\u2019un mode de vie conscient et \u00e9coresponsable. Habilement fabriqu\u00e9 \u00e0 la main \u00e0 partir de cire de soja naturelle de qualit\u00e9 sup\u00e9rieure et d\u2019ingr\u00e9dients d\u2019origine v\u00e9g\u00e9tale, il apporte \u00e0 la fois beaut\u00e9 et durabilit\u00e9 \u00e0 votre int\u00e9rieur.<\/strong><\/p>\n<p class=\"\" data-start=\"387\" data-end=\"660\">Chaque bougie est infus\u00e9e d\u2019un d\u00e9licat parfum oriental-bois\u00e9. Le voyage olfactif commence par des notes de t\u00eate \u00e9clatantes de bergamote, de cardamome et de poivre, se d\u00e9ploie dans un c\u0153ur chaleureux de patchouli, de vanille et de benjoin, et se prolonge avec une base riche de v\u00e9tiver, de f\u00e8ve tonka et de musc.<\/p>\n<p class=\"\" data-start=\"662\" data-end=\"778\">Le bouquet comprend cinq mini bougies parfum\u00e9es, soigneusement emball\u00e9es pour garantir une arriv\u00e9e en parfait \u00e9tat.<\/p>\n<p class=\"\" data-start=\"780\" data-end=\"809\"><strong data-start=\"780\" data-end=\"807\">Dimensions approximatives:<\/strong><\/p>\n<ul data-start=\"810\" data-end=\"905\">\n<li class=\"\" data-start=\"810\" data-end=\"838\">\n<p class=\"\" data-start=\"812\" data-end=\"838\">Hauteur du bouquet: 12\u201315 cm<\/p>\n<\/li>\n<li class=\"\" data-start=\"839\" data-end=\"866\">\n<p class=\"\" data-start=\"841\" data-end=\"866\">Diam\u00e8tre du bouquet: 12 cm<\/p>\n<\/li>\n<li class=\"\" data-start=\"867\" data-end=\"905\">\n<p class=\"\" data-start=\"869\" data-end=\"905\">Diam\u00e8tre individuel des fleurs: 3\u20135 cm<\/p>\n<\/li>\n<\/ul>","protected":false},"excerpt":{"rendered":"<ul>\n<li>\ud83c\udf31 100% <b>\u00c0 base de plantes<\/b> Ingr\u00e9dients naturels<\/li>\n<li>\ud83d\udcaf Fait main<\/li>\n<li>\ud83d\udd25 Combustion propre<\/li>\n<li>\u2600\ufe0f Non toxique et adapt\u00e9 aux v\u00e9ganes<\/li>\n<li>\ud83d\udd6f\ufe0f Design unique<\/li>\n<\/ul>","protected":false},"featured_media":276,"comment_status":"open","ping_status":"closed","template":"","meta":{"site-sidebar-layout":"default","site-content-layout":"","ast-site-content-layout":"default","site-content-style":"default","site-sidebar-style":"default","ast-global-header-display":"","ast-banner-title-visibility":"","ast-main-header-display":"","ast-hfb-above-header-display":"","ast-hfb-below-header-display":"","ast-hfb-mobile-header-display":"","site-post-title":"","ast-breadcrumbs-content":"","ast-featured-img":"","footer-sml-layout":"","ast-disable-related-posts":"","theme-transparent-header-meta":"default","adv-header-id-meta":"","stick-header-meta":"","header-above-stick-meta":"","header-main-stick-meta":"","header-below-stick-meta":"","astra-migrate-meta-layouts":"set","ast-page-background-enabled":"default","ast-page-background-meta":{"desktop":{"background-color":"var(--ast-global-color-5)","background-image":"","background-repeat":"repeat","background-position":"center center","background-size":"auto","background-attachment":"scroll","background-type":"","background-media":"","overlay-type":"","overlay-color":"","overlay-opacity":"","overlay-gradient":""},"tablet":{"background-color":"","background-image":"","background-repeat":"repeat","background-position":"center center","background-size":"auto","background-attachment":"scroll","background-type":"","background-media":"","overlay-type":"","overlay-color":"","overlay-opacity":"","overlay-gradient":""},"mobile":{"background-color":"","background-image":"","background-repeat":"repeat","background-position":"center center","background-size":"auto","background-attachment":"scroll","background-type":"","background-media":"","overlay-type":"","overlay-color":"","overlay-opacity":"","overlay-gradient":""}},"ast-content-background-meta":{"desktop":{"background-color":"var(--ast-global-color-4)","background-image":"","background-repeat":"repeat","background-position":"center center","background-size":"auto","background-attachment":"scroll","background-type":"","background-media":"","overlay-type":"","overlay-color":"","overlay-opacity":"","overlay-gradient":""},"tablet":{"background-color":"var(--ast-global-color-4)","background-image":"","background-repeat":"repeat","background-position":"center center","background-size":"auto","background-attachment":"scroll","background-type":"","background-media":"","overlay-type":"","overlay-color":"","overlay-opacity":"","overlay-gradient":""},"mobile":{"background-color":"var(--ast-global-color-4)","background-image":"","background-repeat":"repeat","background-position":"center center","background-size":"auto","background-attachment":"scroll","background-type":"","background-media":"","overlay-type":"","overlay-color":"","overlay-opacity":"","overlay-gradient":""}}},"product_brand":[],"product_cat":[16],"product_tag":[],"class_list":{"0":"post-162","1":"product","2":"type-product","3":"status-publish","4":"has-post-thumbnail","6":"product_cat-bouquets","7":"desktop-align-center","8":"tablet-align-left","9":"mobile-align-left","11":"first","12":"onbackorder","13":"taxable","14":"shipping-taxable","15":"purchasable","16":"product-type-simple"},"yoast_head":"<!-- This site is optimized with the Yoast SEO plugin v27.1.1 - https:\/\/yoast.com\/product\/yoast-seo-wordpress\/ -->\n<title>Candle flower box velvet heart -<\/title>\n<meta name=\"robots\" content=\"index, follow, max-snippet:-1, max-image-preview:large, max-video-preview:-1\" \/>\n<link rel=\"canonical\" href=\"https:\/\/luxfloralis.com\/fr\/produit\/bouquet-de-fleurs-bougie-violette\/\" \/>\n<meta property=\"og:locale\" content=\"fr_FR\" \/>\n<meta property=\"og:type\" content=\"article\" \/>\n<meta property=\"og:title\" content=\"Candle flower box velvet heart -\" \/>\n<meta property=\"og:description\" content=\"\ud83c\udf31 100% plant-based natural ingredients  \ud83d\udcaf Handmade  \ud83d\udd25 Clean-burning  \u2600\ufe0f Non-toxic and vegan-friendly  \ud83d\udd6f\ufe0fUnique design\" \/>\n<meta property=\"og:url\" content=\"https:\/\/luxfloralis.com\/fr\/produit\/bouquet-de-fleurs-bougie-violette\/\" \/>\n<meta property=\"article:modified_time\" content=\"2025-07-29T10:44:49+00:00\" \/>\n<meta property=\"og:image\" content=\"https:\/\/luxfloralis.com\/wp-content\/uploads\/2025\/04\/violet-mini-candles-1.png\" \/>\n\t<meta property=\"og:image:width\" content=\"800\" \/>\n\t<meta property=\"og:image:height\" content=\"800\" \/>\n\t<meta property=\"og:image:type\" content=\"image\/png\" \/>\n<meta name=\"twitter:card\" content=\"summary_large_image\" \/>\n<meta name=\"twitter:label1\" content=\"Dur\u00e9e de lecture estim\u00e9e\" \/>\n\t<meta name=\"twitter:data1\" content=\"1 minute\" \/>\n<script type=\"application\/ld+json\" class=\"yoast-schema-graph\">{\"@context\":\"https:\/\/schema.org\",\"@graph\":[{\"@type\":\"WebPage\",\"@id\":\"https:\/\/luxfloralis.com\/product\/candle-flower-box-velvet-heart\/\",\"url\":\"https:\/\/luxfloralis.com\/product\/candle-flower-box-velvet-heart\/\",\"name\":\"Candle flower box velvet heart -\",\"isPartOf\":{\"@id\":\"https:\/\/luxfloralis.com\/#website\"},\"primaryImageOfPage\":{\"@id\":\"https:\/\/luxfloralis.com\/product\/candle-flower-box-velvet-heart\/#primaryimage\"},\"image\":{\"@id\":\"https:\/\/luxfloralis.com\/product\/candle-flower-box-velvet-heart\/#primaryimage\"},\"thumbnailUrl\":\"https:\/\/luxfloralis.com\/wp-content\/uploads\/2025\/04\/violet-mini-candles-1.png\",\"datePublished\":\"2025-03-25T11:54:14+00:00\",\"dateModified\":\"2025-07-29T10:44:49+00:00\",\"breadcrumb\":{\"@id\":\"https:\/\/luxfloralis.com\/product\/candle-flower-box-velvet-heart\/#breadcrumb\"},\"inLanguage\":\"fr-FR\",\"potentialAction\":[{\"@type\":\"ReadAction\",\"target\":[\"https:\/\/luxfloralis.com\/product\/candle-flower-box-velvet-heart\/\"]}]},{\"@type\":\"ImageObject\",\"inLanguage\":\"fr-FR\",\"@id\":\"https:\/\/luxfloralis.com\/product\/candle-flower-box-velvet-heart\/#primaryimage\",\"url\":\"https:\/\/luxfloralis.com\/wp-content\/uploads\/2025\/04\/violet-mini-candles-1.png\",\"contentUrl\":\"https:\/\/luxfloralis.com\/wp-content\/uploads\/2025\/04\/violet-mini-candles-1.png\",\"width\":800,\"height\":800,\"caption\":\"purple and white mini candles\"},{\"@type\":\"BreadcrumbList\",\"@id\":\"https:\/\/luxfloralis.com\/product\/candle-flower-box-velvet-heart\/#breadcrumb\",\"itemListElement\":[{\"@type\":\"ListItem\",\"position\":1,\"name\":\"Home\",\"item\":\"https:\/\/luxfloralis.com\/\"},{\"@type\":\"ListItem\",\"position\":2,\"name\":\"Shop\",\"item\":\"https:\/\/luxfloralis.com\/shop-handmade-candles\/\"},{\"@type\":\"ListItem\",\"position\":3,\"name\":\"Candle flower box velvet heart\"}]},{\"@type\":\"WebSite\",\"@id\":\"https:\/\/luxfloralis.com\/#website\",\"url\":\"https:\/\/luxfloralis.com\/\",\"name\":\"\",\"description\":\"\",\"potentialAction\":[{\"@type\":\"SearchAction\",\"target\":{\"@type\":\"EntryPoint\",\"urlTemplate\":\"https:\/\/luxfloralis.com\/?s={search_term_string}\"},\"query-input\":{\"@type\":\"PropertyValueSpecification\",\"valueRequired\":true,\"valueName\":\"search_term_string\"}}],\"inLanguage\":\"fr-FR\"}]}<\/script>\n<!-- \/ Yoast SEO plugin. -->","yoast_head_json":{"title":"Candle flower box velvet heart -","robots":{"index":"index","follow":"follow","max-snippet":"max-snippet:-1","max-image-preview":"max-image-preview:large","max-video-preview":"max-video-preview:-1"},"canonical":"https:\/\/luxfloralis.com\/fr\/produit\/bouquet-de-fleurs-bougie-violette\/","og_locale":"fr_FR","og_type":"article","og_title":"Candle flower box velvet heart -","og_description":"\ud83c\udf31 100% plant-based natural ingredients  \ud83d\udcaf Handmade  \ud83d\udd25 Clean-burning  \u2600\ufe0f Non-toxic and vegan-friendly  \ud83d\udd6f\ufe0fUnique design","og_url":"https:\/\/luxfloralis.com\/fr\/produit\/bouquet-de-fleurs-bougie-violette\/","article_modified_time":"2025-07-29T10:44:49+00:00","og_image":[{"width":800,"height":800,"url":"https:\/\/luxfloralis.com\/wp-content\/uploads\/2025\/04\/violet-mini-candles-1.png","type":"image\/png"}],"twitter_card":"summary_large_image","twitter_misc":{"Dur\u00e9e de lecture estim\u00e9e":"1 minute"},"schema":{"@context":"https:\/\/schema.org","@graph":[{"@type":"WebPage","@id":"https:\/\/luxfloralis.com\/product\/candle-flower-box-velvet-heart\/","url":"https:\/\/luxfloralis.com\/product\/candle-flower-box-velvet-heart\/","name":"Candle flower box velvet heart -","isPartOf":{"@id":"https:\/\/luxfloralis.com\/#website"},"primaryImageOfPage":{"@id":"https:\/\/luxfloralis.com\/product\/candle-flower-box-velvet-heart\/#primaryimage"},"image":{"@id":"https:\/\/luxfloralis.com\/product\/candle-flower-box-velvet-heart\/#primaryimage"},"thumbnailUrl":"https:\/\/luxfloralis.com\/wp-content\/uploads\/2025\/04\/violet-mini-candles-1.png","datePublished":"2025-03-25T11:54:14+00:00","dateModified":"2025-07-29T10:44:49+00:00","breadcrumb":{"@id":"https:\/\/luxfloralis.com\/product\/candle-flower-box-velvet-heart\/#breadcrumb"},"inLanguage":"fr-FR","potentialAction":[{"@type":"ReadAction","target":["https:\/\/luxfloralis.com\/product\/candle-flower-box-velvet-heart\/"]}]},{"@type":"ImageObject","inLanguage":"fr-FR","@id":"https:\/\/luxfloralis.com\/product\/candle-flower-box-velvet-heart\/#primaryimage","url":"https:\/\/luxfloralis.com\/wp-content\/uploads\/2025\/04\/violet-mini-candles-1.png","contentUrl":"https:\/\/luxfloralis.com\/wp-content\/uploads\/2025\/04\/violet-mini-candles-1.png","width":800,"height":800,"caption":"purple and white mini candles"},{"@type":"BreadcrumbList","@id":"https:\/\/luxfloralis.com\/product\/candle-flower-box-velvet-heart\/#breadcrumb","itemListElement":[{"@type":"ListItem","position":1,"name":"Home","item":"https:\/\/luxfloralis.com\/"},{"@type":"ListItem","position":2,"name":"Shop","item":"https:\/\/luxfloralis.com\/shop-handmade-candles\/"},{"@type":"ListItem","position":3,"name":"Candle flower box velvet heart"}]},{"@type":"WebSite","@id":"https:\/\/luxfloralis.com\/#website","url":"https:\/\/luxfloralis.com\/","name":"","description":"","potentialAction":[{"@type":"SearchAction","target":{"@type":"EntryPoint","urlTemplate":"https:\/\/luxfloralis.com\/?s={search_term_string}"},"query-input":{"@type":"PropertyValueSpecification","valueRequired":true,"valueName":"search_term_string"}}],"inLanguage":"fr-FR"}]}},"_links":{"self":[{"href":"https:\/\/luxfloralis.com\/fr\/wp-json\/wp\/v2\/product\/162","targetHints":{"allow":["GET"]}}],"collection":[{"href":"https:\/\/luxfloralis.com\/fr\/wp-json\/wp\/v2\/product"}],"about":[{"href":"https:\/\/luxfloralis.com\/fr\/wp-json\/wp\/v2\/types\/product"}],"replies":[{"embeddable":true,"href":"https:\/\/luxfloralis.com\/fr\/wp-json\/wp\/v2\/comments?post=162"}],"wp:featuredmedia":[{"embeddable":true,"href":"https:\/\/luxfloralis.com\/fr\/wp-json\/wp\/v2\/media\/276"}],"wp:attachment":[{"href":"https:\/\/luxfloralis.com\/fr\/wp-json\/wp\/v2\/media?parent=162"}],"wp:term":[{"taxonomy":"product_brand","embeddable":true,"href":"https:\/\/luxfloralis.com\/fr\/wp-json\/wp\/v2\/product_brand?post=162"},{"taxonomy":"product_cat","embeddable":true,"href":"https:\/\/luxfloralis.com\/fr\/wp-json\/wp\/v2\/product_cat?post=162"},{"taxonomy":"product_tag","embeddable":true,"href":"https:\/\/luxfloralis.com\/fr\/wp-json\/wp\/v2\/product_tag?post=162"}],"curies":[{"name":"wp","href":"https:\/\/api.w.org\/{rel}","templated":true}]}}