{"id":249,"date":"2025-04-22T14:18:09","date_gmt":"2025-04-22T14:18:09","guid":{"rendered":"https:\/\/luxfloralis.com\/?post_type=product&#038;p=249"},"modified":"2025-05-04T10:02:44","modified_gmt":"2025-05-04T10:02:44","slug":"bouquet-de-bougies-bleues","status":"publish","type":"product","link":"https:\/\/luxfloralis.com\/fr\/product\/candle-flower-box-blue\/","title":{"rendered":"Bo\u00eete de bougies fleuries bleue"},"content":{"rendered":"<p class=\"\" data-start=\"221\" data-end=\"299\">Bo\u00eete de bougies fleuries bleu et blanc de luxe \u2013 Cadeau \u00e9l\u00e9gant pour toutes les occasions.<\/p>\n<p class=\"\" data-start=\"221\" data-end=\"299\"><span id=\"radix-:r40:\" class=\"cursor-pointer inline transition-colors duration-200 ease-in-out hover:opacity-80\" aria-haspopup=\"menu\" aria-expanded=\"false\" data-state=\"closed\">Notre bo\u00eete de bougies fleuries de luxe se pr\u00e9sente comme une \u0153uvre artisanale \u00e9l\u00e9gante, \u00e0 mi-chemin entre l\u2019art et le raffinement.<\/span> <span id=\"radix-:r43:\" class=\"cursor-pointer inline transition-colors duration-200 ease-in-out hover:opacity-80\" aria-haspopup=\"menu\" aria-expanded=\"false\" data-state=\"closed\">Cette composition florale raffin\u00e9e se compose de bougies sculpt\u00e9es en forme de fleurs dans des tons bleu p\u00e2le et blanc, sublim\u00e9es par des brins de gypsophile stabilis\u00e9e et une bougie centrale en forme d\u2019ourson.<\/span><\/p>\n<p class=\"\" data-start=\"221\" data-end=\"299\"><span id=\"radix-:r46:\" class=\"cursor-pointer inline transition-colors duration-200 ease-in-out hover:opacity-80\" aria-haspopup=\"menu\" aria-expanded=\"false\" data-state=\"closed\">Fabriqu\u00e9e \u00e0 partir d\u2019\u00e9l\u00e9ments de cire de premi\u00e8re qualit\u00e9, elle allie une apparence \u00e9l\u00e9gante \u00e0 de douces notes parfum\u00e9es.<\/span> <span id=\"radix-:r49:\" class=\"cursor-pointer inline transition-colors duration-200 ease-in-out hover:opacity-80\" aria-haspopup=\"menu\" aria-expanded=\"false\" data-state=\"closed\">La bo\u00eete \u00e9l\u00e9gante de bougies florales constitue un merveilleux cadeau pour une baby shower ou pour c\u00e9l\u00e9brer une naissance. Elle apporte une touche d\u00e9corative raffin\u00e9e \u00e0 la maison tout en s\u2019imposant comme un cadeau traditionnel d\u2019exception.<\/span> <span id=\"radix-:r4c:\" class=\"cursor-pointer inline transition-colors duration-200 ease-in-out hover:opacity-80\" aria-haspopup=\"menu\" aria-expanded=\"false\" data-state=\"closed\">Un m\u00e9lange de nuances de bleu et de roses blanches offre une apparence luxueuse et apaisante, faisant de cette cr\u00e9ation un cadeau d\u2019exception pour les personnes les plus importantes de votre vie.<\/span><\/p>\n<p data-start=\"221\" data-end=\"299\">La taille de ce bouquet de bougies est d\u2019environ<br \/>\nHauteur du bouquet : 20\u201322 cm<br \/>\nDiam\u00e8tre du bouquet : 20\u201322 cm<br \/>\nDiam\u00e8tre des fleurs individuelles : 4\u20137 cm<\/p>","protected":false},"excerpt":{"rendered":"<ul>\n<li>\ud83c\udf31 100% <b>\u00c0 base de plantes<\/b> Ingr\u00e9dients naturels<span class=\"Apple-converted-space\">\u00a0<\/span><\/li>\n<li>\ud83d\udcaf Fait main<\/li>\n<li>\ud83d\udd25 Combustion propre<\/li>\n<li>\u2600\ufe0f Non toxique et adapt\u00e9 aux v\u00e9ganes<\/li>\n<li>\ud83d\udd6f\ufe0f Design unique<span class=\"Apple-converted-space\">\u00a0<\/span><\/li>\n<\/ul>","protected":false},"featured_media":253,"comment_status":"open","ping_status":"closed","template":"","meta":{"site-sidebar-layout":"default","site-content-layout":"","ast-site-content-layout":"default","site-content-style":"default","site-sidebar-style":"default","ast-global-header-display":"","ast-banner-title-visibility":"","ast-main-header-display":"","ast-hfb-above-header-display":"","ast-hfb-below-header-display":"","ast-hfb-mobile-header-display":"","site-post-title":"","ast-breadcrumbs-content":"","ast-featured-img":"","footer-sml-layout":"","ast-disable-related-posts":"","theme-transparent-header-meta":"default","adv-header-id-meta":"","stick-header-meta":"","header-above-stick-meta":"","header-main-stick-meta":"","header-below-stick-meta":"","astra-migrate-meta-layouts":"set","ast-page-background-enabled":"default","ast-page-background-meta":{"desktop":{"background-color":"var(--ast-global-color-5)","background-image":"","background-repeat":"repeat","background-position":"center center","background-size":"auto","background-attachment":"scroll","background-type":"","background-media":"","overlay-type":"","overlay-color":"","overlay-opacity":"","overlay-gradient":""},"tablet":{"background-color":"","background-image":"","background-repeat":"repeat","background-position":"center center","background-size":"auto","background-attachment":"scroll","background-type":"","background-media":"","overlay-type":"","overlay-color":"","overlay-opacity":"","overlay-gradient":""},"mobile":{"background-color":"","background-image":"","background-repeat":"repeat","background-position":"center center","background-size":"auto","background-attachment":"scroll","background-type":"","background-media":"","overlay-type":"","overlay-color":"","overlay-opacity":"","overlay-gradient":""}},"ast-content-background-meta":{"desktop":{"background-color":"var(--ast-global-color-4)","background-image":"","background-repeat":"repeat","background-position":"center center","background-size":"auto","background-attachment":"scroll","background-type":"","background-media":"","overlay-type":"","overlay-color":"","overlay-opacity":"","overlay-gradient":""},"tablet":{"background-color":"var(--ast-global-color-4)","background-image":"","background-repeat":"repeat","background-position":"center center","background-size":"auto","background-attachment":"scroll","background-type":"","background-media":"","overlay-type":"","overlay-color":"","overlay-opacity":"","overlay-gradient":""},"mobile":{"background-color":"var(--ast-global-color-4)","background-image":"","background-repeat":"repeat","background-position":"center center","background-size":"auto","background-attachment":"scroll","background-type":"","background-media":"","overlay-type":"","overlay-color":"","overlay-opacity":"","overlay-gradient":""}}},"product_brand":[],"product_cat":[16],"product_tag":[],"class_list":{"0":"post-249","1":"product","2":"type-product","3":"status-publish","4":"has-post-thumbnail","6":"product_cat-bouquets","7":"desktop-align-center","8":"tablet-align-left","9":"mobile-align-left","11":"first","12":"instock","13":"taxable","14":"shipping-taxable","15":"purchasable","16":"product-type-variable"},"yoast_head":"<!-- This site is optimized with the Yoast SEO plugin v27.1.1 - https:\/\/yoast.com\/product\/yoast-seo-wordpress\/ -->\n<title>Candle flower box blue -<\/title>\n<meta name=\"robots\" content=\"index, follow, max-snippet:-1, max-image-preview:large, max-video-preview:-1\" \/>\n<link rel=\"canonical\" href=\"https:\/\/luxfloralis.com\/fr\/produit\/bouquet-de-bougies-bleues\/\" \/>\n<meta property=\"og:locale\" content=\"fr_FR\" \/>\n<meta property=\"og:type\" content=\"article\" \/>\n<meta property=\"og:title\" content=\"Candle flower box blue -\" \/>\n<meta property=\"og:description\" content=\"\ud83c\udf31 100% plant-based natural ingredients\u00a0  \ud83d\udcaf Handmade  \ud83d\udd25 Clean-burning  \u2600\ufe0f Non-toxic and vegan-friendly  \ud83d\udd6f\ufe0fUnique design\u00a0\" \/>\n<meta property=\"og:url\" content=\"https:\/\/luxfloralis.com\/fr\/produit\/bouquet-de-bougies-bleues\/\" \/>\n<meta property=\"article:modified_time\" content=\"2025-05-04T10:02:44+00:00\" \/>\n<meta property=\"og:image\" content=\"https:\/\/luxfloralis.com\/wp-content\/uploads\/2025\/04\/Blue-candle-flower-box-main.png\" \/>\n\t<meta property=\"og:image:width\" content=\"800\" \/>\n\t<meta property=\"og:image:height\" content=\"800\" \/>\n\t<meta property=\"og:image:type\" content=\"image\/png\" \/>\n<meta name=\"twitter:card\" content=\"summary_large_image\" \/>\n<meta name=\"twitter:label1\" content=\"Dur\u00e9e de lecture estim\u00e9e\" \/>\n\t<meta name=\"twitter:data1\" content=\"1 minute\" \/>\n<script type=\"application\/ld+json\" class=\"yoast-schema-graph\">{\"@context\":\"https:\/\/schema.org\",\"@graph\":[{\"@type\":\"WebPage\",\"@id\":\"https:\/\/luxfloralis.com\/product\/candle-flower-box-blue\/\",\"url\":\"https:\/\/luxfloralis.com\/product\/candle-flower-box-blue\/\",\"name\":\"Candle flower box blue -\",\"isPartOf\":{\"@id\":\"https:\/\/luxfloralis.com\/#website\"},\"primaryImageOfPage\":{\"@id\":\"https:\/\/luxfloralis.com\/product\/candle-flower-box-blue\/#primaryimage\"},\"image\":{\"@id\":\"https:\/\/luxfloralis.com\/product\/candle-flower-box-blue\/#primaryimage\"},\"thumbnailUrl\":\"https:\/\/luxfloralis.com\/wp-content\/uploads\/2025\/04\/Blue-candle-flower-box-main.png\",\"datePublished\":\"2025-04-22T14:18:09+00:00\",\"dateModified\":\"2025-05-04T10:02:44+00:00\",\"breadcrumb\":{\"@id\":\"https:\/\/luxfloralis.com\/product\/candle-flower-box-blue\/#breadcrumb\"},\"inLanguage\":\"fr-FR\",\"potentialAction\":[{\"@type\":\"ReadAction\",\"target\":[\"https:\/\/luxfloralis.com\/product\/candle-flower-box-blue\/\"]}]},{\"@type\":\"ImageObject\",\"inLanguage\":\"fr-FR\",\"@id\":\"https:\/\/luxfloralis.com\/product\/candle-flower-box-blue\/#primaryimage\",\"url\":\"https:\/\/luxfloralis.com\/wp-content\/uploads\/2025\/04\/Blue-candle-flower-box-main.png\",\"contentUrl\":\"https:\/\/luxfloralis.com\/wp-content\/uploads\/2025\/04\/Blue-candle-flower-box-main.png\",\"width\":800,\"height\":800,\"caption\":\"white and blue bouquet from soy wax\"},{\"@type\":\"BreadcrumbList\",\"@id\":\"https:\/\/luxfloralis.com\/product\/candle-flower-box-blue\/#breadcrumb\",\"itemListElement\":[{\"@type\":\"ListItem\",\"position\":1,\"name\":\"Home\",\"item\":\"https:\/\/luxfloralis.com\/\"},{\"@type\":\"ListItem\",\"position\":2,\"name\":\"Shop\",\"item\":\"https:\/\/luxfloralis.com\/shop-handmade-candles\/\"},{\"@type\":\"ListItem\",\"position\":3,\"name\":\"Candle flower box blue\"}]},{\"@type\":\"WebSite\",\"@id\":\"https:\/\/luxfloralis.com\/#website\",\"url\":\"https:\/\/luxfloralis.com\/\",\"name\":\"\",\"description\":\"\",\"potentialAction\":[{\"@type\":\"SearchAction\",\"target\":{\"@type\":\"EntryPoint\",\"urlTemplate\":\"https:\/\/luxfloralis.com\/?s={search_term_string}\"},\"query-input\":{\"@type\":\"PropertyValueSpecification\",\"valueRequired\":true,\"valueName\":\"search_term_string\"}}],\"inLanguage\":\"fr-FR\"}]}<\/script>\n<!-- \/ Yoast SEO plugin. -->","yoast_head_json":{"title":"Candle flower box blue -","robots":{"index":"index","follow":"follow","max-snippet":"max-snippet:-1","max-image-preview":"max-image-preview:large","max-video-preview":"max-video-preview:-1"},"canonical":"https:\/\/luxfloralis.com\/fr\/produit\/bouquet-de-bougies-bleues\/","og_locale":"fr_FR","og_type":"article","og_title":"Candle flower box blue -","og_description":"\ud83c\udf31 100% plant-based natural ingredients\u00a0  \ud83d\udcaf Handmade  \ud83d\udd25 Clean-burning  \u2600\ufe0f Non-toxic and vegan-friendly  \ud83d\udd6f\ufe0fUnique design\u00a0","og_url":"https:\/\/luxfloralis.com\/fr\/produit\/bouquet-de-bougies-bleues\/","article_modified_time":"2025-05-04T10:02:44+00:00","og_image":[{"width":800,"height":800,"url":"https:\/\/luxfloralis.com\/wp-content\/uploads\/2025\/04\/Blue-candle-flower-box-main.png","type":"image\/png"}],"twitter_card":"summary_large_image","twitter_misc":{"Dur\u00e9e de lecture estim\u00e9e":"1 minute"},"schema":{"@context":"https:\/\/schema.org","@graph":[{"@type":"WebPage","@id":"https:\/\/luxfloralis.com\/product\/candle-flower-box-blue\/","url":"https:\/\/luxfloralis.com\/product\/candle-flower-box-blue\/","name":"Candle flower box blue -","isPartOf":{"@id":"https:\/\/luxfloralis.com\/#website"},"primaryImageOfPage":{"@id":"https:\/\/luxfloralis.com\/product\/candle-flower-box-blue\/#primaryimage"},"image":{"@id":"https:\/\/luxfloralis.com\/product\/candle-flower-box-blue\/#primaryimage"},"thumbnailUrl":"https:\/\/luxfloralis.com\/wp-content\/uploads\/2025\/04\/Blue-candle-flower-box-main.png","datePublished":"2025-04-22T14:18:09+00:00","dateModified":"2025-05-04T10:02:44+00:00","breadcrumb":{"@id":"https:\/\/luxfloralis.com\/product\/candle-flower-box-blue\/#breadcrumb"},"inLanguage":"fr-FR","potentialAction":[{"@type":"ReadAction","target":["https:\/\/luxfloralis.com\/product\/candle-flower-box-blue\/"]}]},{"@type":"ImageObject","inLanguage":"fr-FR","@id":"https:\/\/luxfloralis.com\/product\/candle-flower-box-blue\/#primaryimage","url":"https:\/\/luxfloralis.com\/wp-content\/uploads\/2025\/04\/Blue-candle-flower-box-main.png","contentUrl":"https:\/\/luxfloralis.com\/wp-content\/uploads\/2025\/04\/Blue-candle-flower-box-main.png","width":800,"height":800,"caption":"white and blue bouquet from soy wax"},{"@type":"BreadcrumbList","@id":"https:\/\/luxfloralis.com\/product\/candle-flower-box-blue\/#breadcrumb","itemListElement":[{"@type":"ListItem","position":1,"name":"Home","item":"https:\/\/luxfloralis.com\/"},{"@type":"ListItem","position":2,"name":"Shop","item":"https:\/\/luxfloralis.com\/shop-handmade-candles\/"},{"@type":"ListItem","position":3,"name":"Candle flower box blue"}]},{"@type":"WebSite","@id":"https:\/\/luxfloralis.com\/#website","url":"https:\/\/luxfloralis.com\/","name":"","description":"","potentialAction":[{"@type":"SearchAction","target":{"@type":"EntryPoint","urlTemplate":"https:\/\/luxfloralis.com\/?s={search_term_string}"},"query-input":{"@type":"PropertyValueSpecification","valueRequired":true,"valueName":"search_term_string"}}],"inLanguage":"fr-FR"}]}},"_links":{"self":[{"href":"https:\/\/luxfloralis.com\/fr\/wp-json\/wp\/v2\/product\/249","targetHints":{"allow":["GET"]}}],"collection":[{"href":"https:\/\/luxfloralis.com\/fr\/wp-json\/wp\/v2\/product"}],"about":[{"href":"https:\/\/luxfloralis.com\/fr\/wp-json\/wp\/v2\/types\/product"}],"replies":[{"embeddable":true,"href":"https:\/\/luxfloralis.com\/fr\/wp-json\/wp\/v2\/comments?post=249"}],"wp:featuredmedia":[{"embeddable":true,"href":"https:\/\/luxfloralis.com\/fr\/wp-json\/wp\/v2\/media\/253"}],"wp:attachment":[{"href":"https:\/\/luxfloralis.com\/fr\/wp-json\/wp\/v2\/media?parent=249"}],"wp:term":[{"taxonomy":"product_brand","embeddable":true,"href":"https:\/\/luxfloralis.com\/fr\/wp-json\/wp\/v2\/product_brand?post=249"},{"taxonomy":"product_cat","embeddable":true,"href":"https:\/\/luxfloralis.com\/fr\/wp-json\/wp\/v2\/product_cat?post=249"},{"taxonomy":"product_tag","embeddable":true,"href":"https:\/\/luxfloralis.com\/fr\/wp-json\/wp\/v2\/product_tag?post=249"}],"curies":[{"name":"wp","href":"https:\/\/api.w.org\/{rel}","templated":true}]}}