{"id":290,"date":"2025-05-04T10:33:26","date_gmt":"2025-05-04T10:33:26","guid":{"rendered":"https:\/\/luxfloralis.com\/?post_type=product&#038;p=290"},"modified":"2025-08-26T13:44:16","modified_gmt":"2025-08-26T13:44:16","slug":"bouquet-de-bougies-aux-chrysanthemes-roses","status":"publish","type":"product","link":"https:\/\/luxfloralis.com\/fr\/product\/pink-chrysanthemum-candle-bouquet\/","title":{"rendered":"Bouquet de bougies Chrysanth\u00e8me Rose"},"content":{"rendered":"<h3 class=\"\" data-start=\"161\" data-end=\"237\"><strong data-start=\"165\" data-end=\"235\">Cadeau de bougie florale en cire de soja artisanale<\/strong><\/h3>\n<p>&nbsp;<\/p>\n<p class=\"\" data-start=\"239\" data-end=\"592\">C\u00e9l\u00e9brez la beaut\u00e9, la romance et la durabilit\u00e9 avec le bouquet de bougies Chrysanth\u00e8me Rose, une superbe composition artisanale con\u00e7ue pour \u00e9veiller les sens. Chaque fleur, y compris le chrysanth\u00e8me central au design saisissant, est soigneusement moul\u00e9e \u00e0 partir de cire de soja naturelle de qualit\u00e9 sup\u00e9rieure et d\u2019ingr\u00e9dients d\u2019origine v\u00e9g\u00e9tale, offrant une alternative \u00e9cologique \u00e0 la d\u00e9coration florale traditionnelle.<\/p>\n<p class=\"\" data-start=\"594\" data-end=\"867\">Infus\u00e9 d\u2019un doux parfum de vanille romantique, ce bouquet d\u00e9voile une senteur d\u00e9licate et envo\u00fbtante : des notes de t\u00eate de p\u00e9tales de rose confits s\u2019ouvrent sur un c\u0153ur chaleureux de caramel, de vanille et de jasmin, tandis qu\u2019un fond r\u00e9confortant de c\u00e8dre de Virginie et de musc blanc laisse un sillage doux et persistant.<\/p>\n<p class=\"\" data-start=\"869\" data-end=\"1077\">Parfait comme cadeau attentionn\u00e9, centre de table \u00e9l\u00e9gant ou accent d\u00e9coratif unique, ce bouquet comprend cinq mini bougies parfum\u00e9es, soigneusement dispos\u00e9es et magnifiquement emball\u00e9es pour arriver en parfait \u00e9tat.<\/p>\n<p class=\"\" data-start=\"1079\" data-end=\"1108\"><strong data-start=\"1079\" data-end=\"1106\">Dimensions approximatives:<\/strong><\/p>\n<ul data-start=\"1109\" data-end=\"1204\">\n<li class=\"\" data-start=\"1109\" data-end=\"1137\">\n<p class=\"\" data-start=\"1111\" data-end=\"1137\">Hauteur du bouquet: 12\u201315 cm<\/p>\n<\/li>\n<li class=\"\" data-start=\"1138\" data-end=\"1165\">\n<p class=\"\" data-start=\"1140\" data-end=\"1165\">Diam\u00e8tre du bouquet: 12 cm<\/p>\n<\/li>\n<li class=\"\" data-start=\"1166\" data-end=\"1204\">\n<p class=\"\" data-start=\"1168\" data-end=\"1204\">Diam\u00e8tre individuel des fleurs: 3\u20135 cm<\/p>\n<\/li>\n<\/ul>","protected":false},"excerpt":{"rendered":"<ul>\n<li>\ud83c\udf31 100% <b>\u00c0 base de plantes<\/b> Ingr\u00e9dients naturels<\/li>\n<li>\ud83d\udcaf Fait main<\/li>\n<li>\ud83d\udd25 Combustion propre<\/li>\n<li>\u2600\ufe0f Non toxique et adapt\u00e9 aux v\u00e9ganes<\/li>\n<li>\ud83d\udd6f\ufe0f Design unique<\/li>\n<\/ul>","protected":false},"featured_media":266,"comment_status":"open","ping_status":"closed","template":"","meta":{"site-sidebar-layout":"default","site-content-layout":"","ast-site-content-layout":"default","site-content-style":"default","site-sidebar-style":"default","ast-global-header-display":"","ast-banner-title-visibility":"","ast-main-header-display":"","ast-hfb-above-header-display":"","ast-hfb-below-header-display":"","ast-hfb-mobile-header-display":"","site-post-title":"","ast-breadcrumbs-content":"","ast-featured-img":"","footer-sml-layout":"","ast-disable-related-posts":"","theme-transparent-header-meta":"default","adv-header-id-meta":"","stick-header-meta":"","header-above-stick-meta":"","header-main-stick-meta":"","header-below-stick-meta":"","astra-migrate-meta-layouts":"set","ast-page-background-enabled":"default","ast-page-background-meta":{"desktop":{"background-color":"var(--ast-global-color-5)","background-image":"","background-repeat":"repeat","background-position":"center center","background-size":"auto","background-attachment":"scroll","background-type":"","background-media":"","overlay-type":"","overlay-color":"","overlay-opacity":"","overlay-gradient":""},"tablet":{"background-color":"","background-image":"","background-repeat":"repeat","background-position":"center center","background-size":"auto","background-attachment":"scroll","background-type":"","background-media":"","overlay-type":"","overlay-color":"","overlay-opacity":"","overlay-gradient":""},"mobile":{"background-color":"","background-image":"","background-repeat":"repeat","background-position":"center center","background-size":"auto","background-attachment":"scroll","background-type":"","background-media":"","overlay-type":"","overlay-color":"","overlay-opacity":"","overlay-gradient":""}},"ast-content-background-meta":{"desktop":{"background-color":"var(--ast-global-color-4)","background-image":"","background-repeat":"repeat","background-position":"center center","background-size":"auto","background-attachment":"scroll","background-type":"","background-media":"","overlay-type":"","overlay-color":"","overlay-opacity":"","overlay-gradient":""},"tablet":{"background-color":"var(--ast-global-color-4)","background-image":"","background-repeat":"repeat","background-position":"center center","background-size":"auto","background-attachment":"scroll","background-type":"","background-media":"","overlay-type":"","overlay-color":"","overlay-opacity":"","overlay-gradient":""},"mobile":{"background-color":"var(--ast-global-color-4)","background-image":"","background-repeat":"repeat","background-position":"center center","background-size":"auto","background-attachment":"scroll","background-type":"","background-media":"","overlay-type":"","overlay-color":"","overlay-opacity":"","overlay-gradient":""}}},"product_brand":[],"product_cat":[16],"product_tag":[],"class_list":{"0":"post-290","1":"product","2":"type-product","3":"status-publish","4":"has-post-thumbnail","6":"product_cat-bouquets","7":"desktop-align-center","8":"tablet-align-left","9":"mobile-align-left","11":"first","12":"instock","13":"taxable","14":"shipping-taxable","15":"purchasable","16":"product-type-simple"},"yoast_head":"<!-- This site is optimized with the Yoast SEO plugin v27.1.1 - https:\/\/yoast.com\/product\/yoast-seo-wordpress\/ -->\n<title>Pink Chrysanthemum Candle Bouquet | LuxFloralis Switzerland<\/title>\n<meta name=\"description\" content=\"Handmade Pink Chrysanthemum Candle Bouquet with eco-friendly wax. A refined floral gift for special occasions. Made in Switzerland.\" \/>\n<meta name=\"robots\" content=\"index, follow, max-snippet:-1, max-image-preview:large, max-video-preview:-1\" \/>\n<link rel=\"canonical\" href=\"https:\/\/luxfloralis.com\/fr\/produit\/bouquet-de-bougies-aux-chrysanthemes-roses\/\" \/>\n<meta property=\"og:locale\" content=\"fr_FR\" \/>\n<meta property=\"og:type\" content=\"article\" \/>\n<meta property=\"og:title\" content=\"Pink Chrysanthemum Candle Bouquet | LuxFloralis Switzerland\" \/>\n<meta property=\"og:description\" content=\"Handmade Pink Chrysanthemum Candle Bouquet with eco-friendly wax. A refined floral gift for special occasions. Made in Switzerland.\" \/>\n<meta property=\"og:url\" content=\"https:\/\/luxfloralis.com\/fr\/produit\/bouquet-de-bougies-aux-chrysanthemes-roses\/\" \/>\n<meta property=\"article:modified_time\" content=\"2025-08-26T13:44:16+00:00\" \/>\n<meta property=\"og:image\" content=\"https:\/\/luxfloralis.com\/wp-content\/uploads\/2025\/04\/mini-flowers-pink-.png\" \/>\n\t<meta property=\"og:image:width\" content=\"800\" \/>\n\t<meta property=\"og:image:height\" content=\"800\" \/>\n\t<meta property=\"og:image:type\" content=\"image\/png\" \/>\n<meta name=\"twitter:card\" content=\"summary_large_image\" \/>\n<meta name=\"twitter:label1\" content=\"Dur\u00e9e de lecture estim\u00e9e\" \/>\n\t<meta name=\"twitter:data1\" content=\"1 minute\" \/>\n<script type=\"application\/ld+json\" class=\"yoast-schema-graph\">{\"@context\":\"https:\/\/schema.org\",\"@graph\":[{\"@type\":\"WebPage\",\"@id\":\"https:\/\/luxfloralis.com\/product\/pink-chrysanthemum-candle-bouquet\/\",\"url\":\"https:\/\/luxfloralis.com\/product\/pink-chrysanthemum-candle-bouquet\/\",\"name\":\"Pink Chrysanthemum Candle Bouquet | LuxFloralis Switzerland\",\"isPartOf\":{\"@id\":\"https:\/\/luxfloralis.com\/#website\"},\"primaryImageOfPage\":{\"@id\":\"https:\/\/luxfloralis.com\/product\/pink-chrysanthemum-candle-bouquet\/#primaryimage\"},\"image\":{\"@id\":\"https:\/\/luxfloralis.com\/product\/pink-chrysanthemum-candle-bouquet\/#primaryimage\"},\"thumbnailUrl\":\"https:\/\/luxfloralis.com\/wp-content\/uploads\/2025\/04\/mini-flowers-pink-.png\",\"datePublished\":\"2025-05-04T10:33:26+00:00\",\"dateModified\":\"2025-08-26T13:44:16+00:00\",\"description\":\"Handmade Pink Chrysanthemum Candle Bouquet with eco-friendly wax. A refined floral gift for special occasions. Made in Switzerland.\",\"breadcrumb\":{\"@id\":\"https:\/\/luxfloralis.com\/product\/pink-chrysanthemum-candle-bouquet\/#breadcrumb\"},\"inLanguage\":\"fr-FR\",\"potentialAction\":[{\"@type\":\"ReadAction\",\"target\":[\"https:\/\/luxfloralis.com\/product\/pink-chrysanthemum-candle-bouquet\/\"]}]},{\"@type\":\"ImageObject\",\"inLanguage\":\"fr-FR\",\"@id\":\"https:\/\/luxfloralis.com\/product\/pink-chrysanthemum-candle-bouquet\/#primaryimage\",\"url\":\"https:\/\/luxfloralis.com\/wp-content\/uploads\/2025\/04\/mini-flowers-pink-.png\",\"contentUrl\":\"https:\/\/luxfloralis.com\/wp-content\/uploads\/2025\/04\/mini-flowers-pink-.png\",\"width\":800,\"height\":800,\"caption\":\"mini candles from soy wax\"},{\"@type\":\"BreadcrumbList\",\"@id\":\"https:\/\/luxfloralis.com\/product\/pink-chrysanthemum-candle-bouquet\/#breadcrumb\",\"itemListElement\":[{\"@type\":\"ListItem\",\"position\":1,\"name\":\"Home\",\"item\":\"https:\/\/luxfloralis.com\/\"},{\"@type\":\"ListItem\",\"position\":2,\"name\":\"Shop\",\"item\":\"https:\/\/luxfloralis.com\/shop-handmade-candles\/\"},{\"@type\":\"ListItem\",\"position\":3,\"name\":\"Pink Chrysanthemum Candle Bouquet\"}]},{\"@type\":\"WebSite\",\"@id\":\"https:\/\/luxfloralis.com\/#website\",\"url\":\"https:\/\/luxfloralis.com\/\",\"name\":\"\",\"description\":\"\",\"potentialAction\":[{\"@type\":\"SearchAction\",\"target\":{\"@type\":\"EntryPoint\",\"urlTemplate\":\"https:\/\/luxfloralis.com\/?s={search_term_string}\"},\"query-input\":{\"@type\":\"PropertyValueSpecification\",\"valueRequired\":true,\"valueName\":\"search_term_string\"}}],\"inLanguage\":\"fr-FR\"}]}<\/script>\n<!-- \/ Yoast SEO plugin. -->","yoast_head_json":{"title":"Bouquet de Bougies Chrysanth\u00e8me Rose | LuxFloralis Suisse","description":"Handmade Pink Chrysanthemum Candle Bouquet with eco-friendly wax. A refined floral gift for special occasions. Made in Switzerland.","robots":{"index":"index","follow":"follow","max-snippet":"max-snippet:-1","max-image-preview":"max-image-preview:large","max-video-preview":"max-video-preview:-1"},"canonical":"https:\/\/luxfloralis.com\/fr\/produit\/bouquet-de-bougies-aux-chrysanthemes-roses\/","og_locale":"fr_FR","og_type":"article","og_title":"Pink Chrysanthemum Candle Bouquet | LuxFloralis Switzerland","og_description":"Handmade Pink Chrysanthemum Candle Bouquet with eco-friendly wax. A refined floral gift for special occasions. Made in Switzerland.","og_url":"https:\/\/luxfloralis.com\/fr\/produit\/bouquet-de-bougies-aux-chrysanthemes-roses\/","article_modified_time":"2025-08-26T13:44:16+00:00","og_image":[{"width":800,"height":800,"url":"https:\/\/luxfloralis.com\/wp-content\/uploads\/2025\/04\/mini-flowers-pink-.png","type":"image\/png"}],"twitter_card":"summary_large_image","twitter_misc":{"Dur\u00e9e de lecture estim\u00e9e":"1 minute"},"schema":{"@context":"https:\/\/schema.org","@graph":[{"@type":"WebPage","@id":"https:\/\/luxfloralis.com\/product\/pink-chrysanthemum-candle-bouquet\/","url":"https:\/\/luxfloralis.com\/product\/pink-chrysanthemum-candle-bouquet\/","name":"Bouquet de Bougies Chrysanth\u00e8me Rose | LuxFloralis Suisse","isPartOf":{"@id":"https:\/\/luxfloralis.com\/#website"},"primaryImageOfPage":{"@id":"https:\/\/luxfloralis.com\/product\/pink-chrysanthemum-candle-bouquet\/#primaryimage"},"image":{"@id":"https:\/\/luxfloralis.com\/product\/pink-chrysanthemum-candle-bouquet\/#primaryimage"},"thumbnailUrl":"https:\/\/luxfloralis.com\/wp-content\/uploads\/2025\/04\/mini-flowers-pink-.png","datePublished":"2025-05-04T10:33:26+00:00","dateModified":"2025-08-26T13:44:16+00:00","description":"Handmade Pink Chrysanthemum Candle Bouquet with eco-friendly wax. A refined floral gift for special occasions. Made in Switzerland.","breadcrumb":{"@id":"https:\/\/luxfloralis.com\/product\/pink-chrysanthemum-candle-bouquet\/#breadcrumb"},"inLanguage":"fr-FR","potentialAction":[{"@type":"ReadAction","target":["https:\/\/luxfloralis.com\/product\/pink-chrysanthemum-candle-bouquet\/"]}]},{"@type":"ImageObject","inLanguage":"fr-FR","@id":"https:\/\/luxfloralis.com\/product\/pink-chrysanthemum-candle-bouquet\/#primaryimage","url":"https:\/\/luxfloralis.com\/wp-content\/uploads\/2025\/04\/mini-flowers-pink-.png","contentUrl":"https:\/\/luxfloralis.com\/wp-content\/uploads\/2025\/04\/mini-flowers-pink-.png","width":800,"height":800,"caption":"mini candles from soy wax"},{"@type":"BreadcrumbList","@id":"https:\/\/luxfloralis.com\/product\/pink-chrysanthemum-candle-bouquet\/#breadcrumb","itemListElement":[{"@type":"ListItem","position":1,"name":"Home","item":"https:\/\/luxfloralis.com\/"},{"@type":"ListItem","position":2,"name":"Shop","item":"https:\/\/luxfloralis.com\/shop-handmade-candles\/"},{"@type":"ListItem","position":3,"name":"Pink Chrysanthemum Candle Bouquet"}]},{"@type":"WebSite","@id":"https:\/\/luxfloralis.com\/#website","url":"https:\/\/luxfloralis.com\/","name":"","description":"","potentialAction":[{"@type":"SearchAction","target":{"@type":"EntryPoint","urlTemplate":"https:\/\/luxfloralis.com\/?s={search_term_string}"},"query-input":{"@type":"PropertyValueSpecification","valueRequired":true,"valueName":"search_term_string"}}],"inLanguage":"fr-FR"}]}},"_links":{"self":[{"href":"https:\/\/luxfloralis.com\/fr\/wp-json\/wp\/v2\/product\/290","targetHints":{"allow":["GET"]}}],"collection":[{"href":"https:\/\/luxfloralis.com\/fr\/wp-json\/wp\/v2\/product"}],"about":[{"href":"https:\/\/luxfloralis.com\/fr\/wp-json\/wp\/v2\/types\/product"}],"replies":[{"embeddable":true,"href":"https:\/\/luxfloralis.com\/fr\/wp-json\/wp\/v2\/comments?post=290"}],"wp:featuredmedia":[{"embeddable":true,"href":"https:\/\/luxfloralis.com\/fr\/wp-json\/wp\/v2\/media\/266"}],"wp:attachment":[{"href":"https:\/\/luxfloralis.com\/fr\/wp-json\/wp\/v2\/media?parent=290"}],"wp:term":[{"taxonomy":"product_brand","embeddable":true,"href":"https:\/\/luxfloralis.com\/fr\/wp-json\/wp\/v2\/product_brand?post=290"},{"taxonomy":"product_cat","embeddable":true,"href":"https:\/\/luxfloralis.com\/fr\/wp-json\/wp\/v2\/product_cat?post=290"},{"taxonomy":"product_tag","embeddable":true,"href":"https:\/\/luxfloralis.com\/fr\/wp-json\/wp\/v2\/product_tag?post=290"}],"curies":[{"name":"wp","href":"https:\/\/api.w.org\/{rel}","templated":true}]}}