{"id":291,"date":"2025-05-04T11:07:55","date_gmt":"2025-05-04T11:07:55","guid":{"rendered":"https:\/\/luxfloralis.com\/?post_type=product&#038;p=291"},"modified":"2025-08-26T13:38:32","modified_gmt":"2025-08-26T13:38:32","slug":"bougie-bouquet-jardin-de-roses","status":"publish","type":"product","link":"https:\/\/luxfloralis.com\/fr\/product\/rose-garden-candle-bouquet\/","title":{"rendered":"Bouquet de bougies Jardin de Roses"},"content":{"rendered":"<h3 class=\"\" data-start=\"175\" data-end=\"258\"><strong data-start=\"179\" data-end=\"256\">Bougies florales parfum\u00e9es romantiques roses et blanches<\/strong><\/h3>\n<p>&nbsp;<\/p>\n<p class=\"\" data-start=\"260\" data-end=\"555\">Le bouquet de bougies Jardin de Roses est une expression intemporelle de romance et d\u2019\u00e9l\u00e9gance, alliant beaut\u00e9 d\u00e9licate et artisanat durable. Chaque fleur-bougie, fabriqu\u00e9e \u00e0 la main \u00e0 partir de cire de soja naturelle et d\u2019ingr\u00e9dients d\u2019origine v\u00e9g\u00e9tale, apporte le charme d\u2019un jardin en fleurs dans votre int\u00e9rieur \u2014 sans jamais faner.<\/p>\n<p class=\"\" data-start=\"557\" data-end=\"717\">Infus\u00e9 d\u2019un parfum de vanille chaud et r\u00e9confortant, ce bouquet enveloppe votre espace de notes douces et apaisantes, parfaites pour cr\u00e9er une ambiance cosy et romantique.<\/p>\n<p class=\"\" data-start=\"719\" data-end=\"930\">Id\u00e9al comme cadeau sinc\u00e8re, centre de table \u00e9l\u00e9gant ou accent d\u00e9coratif unique, ce bouquet comprend cinq mini bougies parfum\u00e9es, soigneusement dispos\u00e9es et magnifiquement emball\u00e9es pour arriver en parfait \u00e9tat.<\/p>\n<p class=\"\" data-start=\"932\" data-end=\"961\"><strong data-start=\"932\" data-end=\"959\">Dimensions approximatives:<\/strong><\/p>\n<ul data-start=\"962\" data-end=\"1057\">\n<li class=\"\" data-start=\"962\" data-end=\"990\">\n<p class=\"\" data-start=\"964\" data-end=\"990\">Hauteur du bouquet: 12\u201315 cm<\/p>\n<\/li>\n<li class=\"\" data-start=\"991\" data-end=\"1018\">\n<p class=\"\" data-start=\"993\" data-end=\"1018\">Diam\u00e8tre du bouquet: 12 cm<\/p>\n<\/li>\n<li class=\"\" data-start=\"1019\" data-end=\"1057\">\n<p class=\"\" data-start=\"1021\" data-end=\"1057\">Diam\u00e8tre individuel des fleurs: 3\u20135 cm<\/p>\n<\/li>\n<\/ul>","protected":false},"excerpt":{"rendered":"<ul>\n<li>\ud83c\udf31 100% <b>\u00c0 base de plantes<\/b> Ingr\u00e9dients naturels<\/li>\n<li>\ud83d\udcaf Fait main<\/li>\n<li>\ud83d\udd25 Combustion propre<\/li>\n<li>\u2600\ufe0f Non toxique et adapt\u00e9 aux v\u00e9ganes<\/li>\n<li>\ud83d\udd6f\ufe0f Design unique<\/li>\n<\/ul>","protected":false},"featured_media":265,"comment_status":"open","ping_status":"closed","template":"","meta":{"site-sidebar-layout":"default","site-content-layout":"","ast-site-content-layout":"default","site-content-style":"default","site-sidebar-style":"default","ast-global-header-display":"","ast-banner-title-visibility":"","ast-main-header-display":"","ast-hfb-above-header-display":"","ast-hfb-below-header-display":"","ast-hfb-mobile-header-display":"","site-post-title":"","ast-breadcrumbs-content":"","ast-featured-img":"","footer-sml-layout":"","ast-disable-related-posts":"","theme-transparent-header-meta":"default","adv-header-id-meta":"","stick-header-meta":"","header-above-stick-meta":"","header-main-stick-meta":"","header-below-stick-meta":"","astra-migrate-meta-layouts":"set","ast-page-background-enabled":"default","ast-page-background-meta":{"desktop":{"background-color":"var(--ast-global-color-5)","background-image":"","background-repeat":"repeat","background-position":"center center","background-size":"auto","background-attachment":"scroll","background-type":"","background-media":"","overlay-type":"","overlay-color":"","overlay-opacity":"","overlay-gradient":""},"tablet":{"background-color":"","background-image":"","background-repeat":"repeat","background-position":"center center","background-size":"auto","background-attachment":"scroll","background-type":"","background-media":"","overlay-type":"","overlay-color":"","overlay-opacity":"","overlay-gradient":""},"mobile":{"background-color":"","background-image":"","background-repeat":"repeat","background-position":"center center","background-size":"auto","background-attachment":"scroll","background-type":"","background-media":"","overlay-type":"","overlay-color":"","overlay-opacity":"","overlay-gradient":""}},"ast-content-background-meta":{"desktop":{"background-color":"var(--ast-global-color-4)","background-image":"","background-repeat":"repeat","background-position":"center center","background-size":"auto","background-attachment":"scroll","background-type":"","background-media":"","overlay-type":"","overlay-color":"","overlay-opacity":"","overlay-gradient":""},"tablet":{"background-color":"var(--ast-global-color-4)","background-image":"","background-repeat":"repeat","background-position":"center center","background-size":"auto","background-attachment":"scroll","background-type":"","background-media":"","overlay-type":"","overlay-color":"","overlay-opacity":"","overlay-gradient":""},"mobile":{"background-color":"var(--ast-global-color-4)","background-image":"","background-repeat":"repeat","background-position":"center center","background-size":"auto","background-attachment":"scroll","background-type":"","background-media":"","overlay-type":"","overlay-color":"","overlay-opacity":"","overlay-gradient":""}}},"product_brand":[],"product_cat":[16],"product_tag":[],"class_list":{"0":"post-291","1":"product","2":"type-product","3":"status-publish","4":"has-post-thumbnail","6":"product_cat-bouquets","7":"desktop-align-center","8":"tablet-align-left","9":"mobile-align-left","11":"first","12":"instock","13":"taxable","14":"shipping-taxable","15":"purchasable","16":"product-type-simple"},"yoast_head":"<!-- This site is optimized with the Yoast SEO plugin v27.1.1 - https:\/\/yoast.com\/product\/yoast-seo-wordpress\/ -->\n<title>Rose Garden Candle Bouquet | LuxFloralis Switzerland<\/title>\n<meta name=\"description\" content=\"The Rose Garden Candle Bouquet blends timeless beauty and eco-friendly wax candles. A romantic handmade gift. Made in Switzerland.\" \/>\n<meta name=\"robots\" content=\"index, follow, max-snippet:-1, max-image-preview:large, max-video-preview:-1\" \/>\n<link rel=\"canonical\" href=\"https:\/\/luxfloralis.com\/fr\/produit\/bougie-bouquet-jardin-de-roses\/\" \/>\n<meta property=\"og:locale\" content=\"fr_FR\" \/>\n<meta property=\"og:type\" content=\"article\" \/>\n<meta property=\"og:title\" content=\"Rose Garden Candle Bouquet | LuxFloralis Switzerland\" \/>\n<meta property=\"og:description\" content=\"The Rose Garden Candle Bouquet blends timeless beauty and eco-friendly wax candles. A romantic handmade gift. Made in Switzerland.\" \/>\n<meta property=\"og:url\" content=\"https:\/\/luxfloralis.com\/fr\/produit\/bougie-bouquet-jardin-de-roses\/\" \/>\n<meta property=\"article:modified_time\" content=\"2025-08-26T13:38:32+00:00\" \/>\n<meta property=\"og:image\" content=\"https:\/\/luxfloralis.com\/wp-content\/uploads\/2025\/04\/mini-candles-mix.png\" \/>\n\t<meta property=\"og:image:width\" content=\"800\" \/>\n\t<meta property=\"og:image:height\" content=\"800\" \/>\n\t<meta property=\"og:image:type\" content=\"image\/png\" \/>\n<meta name=\"twitter:card\" content=\"summary_large_image\" \/>\n<meta name=\"twitter:label1\" content=\"Dur\u00e9e de lecture estim\u00e9e\" \/>\n\t<meta name=\"twitter:data1\" content=\"1 minute\" \/>\n<script type=\"application\/ld+json\" class=\"yoast-schema-graph\">{\"@context\":\"https:\/\/schema.org\",\"@graph\":[{\"@type\":\"WebPage\",\"@id\":\"https:\/\/luxfloralis.com\/product\/rose-garden-candle-bouquet\/\",\"url\":\"https:\/\/luxfloralis.com\/product\/rose-garden-candle-bouquet\/\",\"name\":\"Rose Garden Candle Bouquet | LuxFloralis Switzerland\",\"isPartOf\":{\"@id\":\"https:\/\/luxfloralis.com\/#website\"},\"primaryImageOfPage\":{\"@id\":\"https:\/\/luxfloralis.com\/product\/rose-garden-candle-bouquet\/#primaryimage\"},\"image\":{\"@id\":\"https:\/\/luxfloralis.com\/product\/rose-garden-candle-bouquet\/#primaryimage\"},\"thumbnailUrl\":\"https:\/\/luxfloralis.com\/wp-content\/uploads\/2025\/04\/mini-candles-mix.png\",\"datePublished\":\"2025-05-04T11:07:55+00:00\",\"dateModified\":\"2025-08-26T13:38:32+00:00\",\"description\":\"The Rose Garden Candle Bouquet blends timeless beauty and eco-friendly wax candles. A romantic handmade gift. Made in Switzerland.\",\"breadcrumb\":{\"@id\":\"https:\/\/luxfloralis.com\/product\/rose-garden-candle-bouquet\/#breadcrumb\"},\"inLanguage\":\"fr-FR\",\"potentialAction\":[{\"@type\":\"ReadAction\",\"target\":[\"https:\/\/luxfloralis.com\/product\/rose-garden-candle-bouquet\/\"]}]},{\"@type\":\"ImageObject\",\"inLanguage\":\"fr-FR\",\"@id\":\"https:\/\/luxfloralis.com\/product\/rose-garden-candle-bouquet\/#primaryimage\",\"url\":\"https:\/\/luxfloralis.com\/wp-content\/uploads\/2025\/04\/mini-candles-mix.png\",\"contentUrl\":\"https:\/\/luxfloralis.com\/wp-content\/uploads\/2025\/04\/mini-candles-mix.png\",\"width\":800,\"height\":800,\"caption\":\"handmade mini candles\"},{\"@type\":\"BreadcrumbList\",\"@id\":\"https:\/\/luxfloralis.com\/product\/rose-garden-candle-bouquet\/#breadcrumb\",\"itemListElement\":[{\"@type\":\"ListItem\",\"position\":1,\"name\":\"Home\",\"item\":\"https:\/\/luxfloralis.com\/\"},{\"@type\":\"ListItem\",\"position\":2,\"name\":\"Shop\",\"item\":\"https:\/\/luxfloralis.com\/shop-handmade-candles\/\"},{\"@type\":\"ListItem\",\"position\":3,\"name\":\"Rose Garden Candle Bouquet\"}]},{\"@type\":\"WebSite\",\"@id\":\"https:\/\/luxfloralis.com\/#website\",\"url\":\"https:\/\/luxfloralis.com\/\",\"name\":\"\",\"description\":\"\",\"potentialAction\":[{\"@type\":\"SearchAction\",\"target\":{\"@type\":\"EntryPoint\",\"urlTemplate\":\"https:\/\/luxfloralis.com\/?s={search_term_string}\"},\"query-input\":{\"@type\":\"PropertyValueSpecification\",\"valueRequired\":true,\"valueName\":\"search_term_string\"}}],\"inLanguage\":\"fr-FR\"}]}<\/script>\n<!-- \/ Yoast SEO plugin. -->","yoast_head_json":{"title":"Bouquet de Bougies Jardin de Roses | LuxFloralis Suisse","description":"Le Bouquet de Bougies Jardin de Roses associe charme intemporel et cire \u00e9co-responsable. Cadeau romantique artisanal. Fabriqu\u00e9 en Suisse.","robots":{"index":"index","follow":"follow","max-snippet":"max-snippet:-1","max-image-preview":"max-image-preview:large","max-video-preview":"max-video-preview:-1"},"canonical":"https:\/\/luxfloralis.com\/fr\/produit\/bougie-bouquet-jardin-de-roses\/","og_locale":"fr_FR","og_type":"article","og_title":"Rose Garden Candle Bouquet | LuxFloralis Switzerland","og_description":"The Rose Garden Candle Bouquet blends timeless beauty and eco-friendly wax candles. A romantic handmade gift. Made in Switzerland.","og_url":"https:\/\/luxfloralis.com\/fr\/produit\/bougie-bouquet-jardin-de-roses\/","article_modified_time":"2025-08-26T13:38:32+00:00","og_image":[{"width":800,"height":800,"url":"https:\/\/luxfloralis.com\/wp-content\/uploads\/2025\/04\/mini-candles-mix.png","type":"image\/png"}],"twitter_card":"summary_large_image","twitter_misc":{"Dur\u00e9e de lecture estim\u00e9e":"1 minute"},"schema":{"@context":"https:\/\/schema.org","@graph":[{"@type":"WebPage","@id":"https:\/\/luxfloralis.com\/product\/rose-garden-candle-bouquet\/","url":"https:\/\/luxfloralis.com\/product\/rose-garden-candle-bouquet\/","name":"Bouquet de Bougies Jardin de Roses | LuxFloralis Suisse","isPartOf":{"@id":"https:\/\/luxfloralis.com\/#website"},"primaryImageOfPage":{"@id":"https:\/\/luxfloralis.com\/product\/rose-garden-candle-bouquet\/#primaryimage"},"image":{"@id":"https:\/\/luxfloralis.com\/product\/rose-garden-candle-bouquet\/#primaryimage"},"thumbnailUrl":"https:\/\/luxfloralis.com\/wp-content\/uploads\/2025\/04\/mini-candles-mix.png","datePublished":"2025-05-04T11:07:55+00:00","dateModified":"2025-08-26T13:38:32+00:00","description":"Le Bouquet de Bougies Jardin de Roses associe charme intemporel et cire \u00e9co-responsable. Cadeau romantique artisanal. Fabriqu\u00e9 en Suisse.","breadcrumb":{"@id":"https:\/\/luxfloralis.com\/product\/rose-garden-candle-bouquet\/#breadcrumb"},"inLanguage":"fr-FR","potentialAction":[{"@type":"ReadAction","target":["https:\/\/luxfloralis.com\/product\/rose-garden-candle-bouquet\/"]}]},{"@type":"ImageObject","inLanguage":"fr-FR","@id":"https:\/\/luxfloralis.com\/product\/rose-garden-candle-bouquet\/#primaryimage","url":"https:\/\/luxfloralis.com\/wp-content\/uploads\/2025\/04\/mini-candles-mix.png","contentUrl":"https:\/\/luxfloralis.com\/wp-content\/uploads\/2025\/04\/mini-candles-mix.png","width":800,"height":800,"caption":"handmade mini candles"},{"@type":"BreadcrumbList","@id":"https:\/\/luxfloralis.com\/product\/rose-garden-candle-bouquet\/#breadcrumb","itemListElement":[{"@type":"ListItem","position":1,"name":"Home","item":"https:\/\/luxfloralis.com\/"},{"@type":"ListItem","position":2,"name":"Shop","item":"https:\/\/luxfloralis.com\/shop-handmade-candles\/"},{"@type":"ListItem","position":3,"name":"Rose Garden Candle Bouquet"}]},{"@type":"WebSite","@id":"https:\/\/luxfloralis.com\/#website","url":"https:\/\/luxfloralis.com\/","name":"","description":"","potentialAction":[{"@type":"SearchAction","target":{"@type":"EntryPoint","urlTemplate":"https:\/\/luxfloralis.com\/?s={search_term_string}"},"query-input":{"@type":"PropertyValueSpecification","valueRequired":true,"valueName":"search_term_string"}}],"inLanguage":"fr-FR"}]}},"_links":{"self":[{"href":"https:\/\/luxfloralis.com\/fr\/wp-json\/wp\/v2\/product\/291","targetHints":{"allow":["GET"]}}],"collection":[{"href":"https:\/\/luxfloralis.com\/fr\/wp-json\/wp\/v2\/product"}],"about":[{"href":"https:\/\/luxfloralis.com\/fr\/wp-json\/wp\/v2\/types\/product"}],"replies":[{"embeddable":true,"href":"https:\/\/luxfloralis.com\/fr\/wp-json\/wp\/v2\/comments?post=291"}],"wp:featuredmedia":[{"embeddable":true,"href":"https:\/\/luxfloralis.com\/fr\/wp-json\/wp\/v2\/media\/265"}],"wp:attachment":[{"href":"https:\/\/luxfloralis.com\/fr\/wp-json\/wp\/v2\/media?parent=291"}],"wp:term":[{"taxonomy":"product_brand","embeddable":true,"href":"https:\/\/luxfloralis.com\/fr\/wp-json\/wp\/v2\/product_brand?post=291"},{"taxonomy":"product_cat","embeddable":true,"href":"https:\/\/luxfloralis.com\/fr\/wp-json\/wp\/v2\/product_cat?post=291"},{"taxonomy":"product_tag","embeddable":true,"href":"https:\/\/luxfloralis.com\/fr\/wp-json\/wp\/v2\/product_tag?post=291"}],"curies":[{"name":"wp","href":"https:\/\/api.w.org\/{rel}","templated":true}]}}